{"id":10,"date":"2011-04-02T20:56:39","date_gmt":"2011-04-02T19:56:39","guid":{"rendered":"http:\/\/energiutveckling.se\/elnat\/?page_id=10"},"modified":"2013-02-14T14:25:38","modified_gmt":"2013-02-14T13:25:38","slug":"filosofin","status":"publish","type":"page","link":"http:\/\/energiutveckling.se\/elpris\/index.php\/referenser\/filosofin\/","title":{"rendered":"Filosofin"},"content":{"rendered":"<h2>Filosofin bakom Eln\u00e4tverket (&#8221;Eln\u00e4tverk Hans E Berg&#8221;)<\/h2>\n<ul>\n<li>Varf\u00f6r skall man betala mer f\u00f6r den el man f\u00f6rbrukar \u00e4n n\u00f6dv\u00e4ndigt?<\/li>\n<li>En samordnad upphandling av el, kan pressa priserna!<\/li>\n<li>Avtalet skall avse fast pris under minst 12 m\u00e5nader.<\/li>\n<li>Varje medlem i n\u00e4tverket avg\u00f6r sj\u00e4lv om han\/hon skall ansluta sig till avtalet. Ingen kollektivanslutning!<\/li>\n<\/ul>\n<p>Rekryteringen till n\u00e4tverket startade i augusti 1999 inf\u00f6r avregleringen och kravet p\u00e5 s\u00e4rskild timm\u00e4tare slopades den 1 november. N\u00e4tverkets f\u00f6rsta medlemmar var i f\u00f6rsta hand grannar, arbetskamrater och sl\u00e4ktingar. Successivt har antalet medlemmar \u00f6kat och inf\u00f6r f\u00f6rsta f\u00f6rhandlingsomg\u00e5ngen omfattade n\u00e4tverket ca 80 fastighets\u00e4gare. Till detta kom dessutom ett antal fritidshus<\/p>\n<p>Genom den uppm\u00e4rksamhet som n\u00e4tverket f\u00e5tt i massmedia (G\u00f6teborgsPosten, Dagens Nyheter, Land ,TV och VillaAktuellt) har antalet anslutna hush\u00e5ll och f\u00f6retag mer \u00e4n f\u00f6rdubblats fram till senaste f\u00f6rhandlingsomg\u00e5ngen.\u00a0<strong>Antalet medlemmar i n\u00e4tverket \u00f6kar stadigt med \u00f6kande elpriser!<\/strong><\/p>\n<p><a title=\"Se l\u00e4nken\" href=\"https:\/\/picasaweb.google.com\/118259793040420720282\/ElprisTidningsartiklarOmNatverket\">Se l\u00e4nken<\/a><\/p>\n<p>\u00d6kningen av antalet anslutna sker nu genom mun mot mun metoden. Medlemmar f\u00f6r informationen vidare till grannar, arbetskamrater och sl\u00e4ktingar. Medlemmar finns fr\u00e5n Sk\u00e5ne upp till Mellansverige, fr\u00e5n G\u00f6teborgs sk\u00e4rg\u00e5rd till Stockholm.<\/p>\n<p>M\u00e5nga har fortfarande inte utnyttjat m\u00f6jligheten att s\u00e4nka sitt elpris utan betalar fortfarande h\u00f6ga avgifter till leverant\u00f6ren. Leverant\u00f6ren \u00e4ndrar inte priset sj\u00e4lvmant. 45% av alla fastighets\u00e4gare och f\u00f6retag ligger kvar p\u00e5 de h\u00f6ga priserna.<\/p>\n<h3>F\u00f6rhandlingsordning<\/h3>\n<ol>\n<li>Det underlag som genereras av medlemmarna i n\u00e4tverket sammanst\u00e4lls vad avser bl a antalet kWh och antal m\u00e4tpunkter.<\/li>\n<li>Underlaget skickas till ett stort antal av de n\u00e4stan 200 bolag som levererar el som underlag f\u00f6r ett anbud.<\/li>\n<li>Inkomna anbud grovsorteras.<\/li>\n<li>Ett mindre antal med l\u00e4gst\/b\u00e4st anbud fingranskas och dessa kontaktas f\u00f6r ev komplettering.<\/li>\n<li>En &#8221;analysgrupp&#8221; v\u00e4rderar anbuden och tar fram en &#8221;vinnare&#8221;.<\/li>\n<li>Medlemmarna inbjuds till ett informationsm\u00f6te d\u00e4r de b\u00e4sta f\u00f6rslagen presenteras och &#8221;vinnarf\u00f6rslaget&#8221; rekommenderas &#8211; om informationsm\u00f6tet inte har en annan uppfattning.<\/li>\n<li>&#8221;N\u00e4tverksdatabasen&#8221; skickas \u00f6ver till den &#8221;vinnande&#8221; leverant\u00f6ren som sedan skickar ut avtalsf\u00f6rslag till medlemmarna.<\/li>\n<\/ol>\n<h3>Vem \u00e4r jag som samordnar n\u00e4tverket?<\/h3>\n<p>Jag \u00e4r en villa\u00e4gare som irriterat mig p\u00e5 de of\u00f6rsk\u00e4mt h\u00f6ga elpriserna och n\u00e4tavgifterna som tagits ut av monopolf\u00f6retagen f\u00f6re avregleringen. Jag ser fram mot en mera avreglerad marknad som inneb\u00e4r att ink\u00f6p kan ske utanf\u00f6r Sveriges gr\u00e4nser t ex i Norge d\u00e4r elpriset \u00e4r l\u00e4gre.<\/p>\n<p>Att N\u00e4tbolagen fortfarande tar ut osk\u00e4ligt h\u00f6ga avgifter f\u00f6ranleder oss konsumenter att agera f\u00f6r en s\u00e4nkning.<\/p>\n<p><em><strong>Du hj\u00e4lper dig sj\u00e4lv och \u00f6vriga i n\u00e4tverket till ett l\u00e5gt elpris genom din anm\u00e4lan!<\/strong><\/em><\/p>\n<p>&nbsp;<\/p>\n","protected":false},"excerpt":{"rendered":"<p>Filosofin bakom Eln\u00e4tverket (&#8221;Eln\u00e4tverk Hans E Berg&#8221;) Varf\u00f6r skall man betala mer f\u00f6r den el man f\u00f6rbrukar \u00e4n n\u00f6dv\u00e4ndigt? En samordnad upphandling av el, kan pressa priserna! Avtalet skall avse fast pris under minst 12 m\u00e5nader. Varje medlem i n\u00e4tverket avg\u00f6r sj\u00e4lv om han\/hon skall ansluta sig till avtalet. Ingen kollektivanslutning! Rekryteringen till n\u00e4tverket startade <span class=\"ellipsis\">&hellip;<\/span> <span class=\"more-link-wrap\"><a href=\"http:\/\/energiutveckling.se\/elpris\/index.php\/referenser\/filosofin\/\" class=\"more-link\"><span>Read More &rarr;<\/span><\/a><\/span><\/p>\n","protected":false},"author":1,"featured_media":0,"parent":12,"menu_order":4,"comment_status":"closed","ping_status":"closed","template":"","meta":{"footnotes":""},"class_list":["post-10","page","type-page","status-publish","hentry"],"jetpack_sharing_enabled":true,"jetpack_likes_enabled":true,"_links":{"self":[{"href":"http:\/\/energiutveckling.se\/elpris\/index.php\/wp-json\/wp\/v2\/pages\/10","targetHints":{"allow":["GET"]}}],"collection":[{"href":"http:\/\/energiutveckling.se\/elpris\/index.php\/wp-json\/wp\/v2\/pages"}],"about":[{"href":"http:\/\/energiutveckling.se\/elpris\/index.php\/wp-json\/wp\/v2\/types\/page"}],"author":[{"embeddable":true,"href":"http:\/\/energiutveckling.se\/elpris\/index.php\/wp-json\/wp\/v2\/users\/1"}],"replies":[{"embeddable":true,"href":"http:\/\/energiutveckling.se\/elpris\/index.php\/wp-json\/wp\/v2\/comments?post=10"}],"version-history":[{"count":7,"href":"http:\/\/energiutveckling.se\/elpris\/index.php\/wp-json\/wp\/v2\/pages\/10\/revisions"}],"predecessor-version":[{"id":300,"href":"http:\/\/energiutveckling.se\/elpris\/index.php\/wp-json\/wp\/v2\/pages\/10\/revisions\/300"}],"up":[{"embeddable":true,"href":"http:\/\/energiutveckling.se\/elpris\/index.php\/wp-json\/wp\/v2\/pages\/12"}],"wp:attachment":[{"href":"http:\/\/energiutveckling.se\/elpris\/index.php\/wp-json\/wp\/v2\/media?parent=10"}],"curies":[{"name":"wp","href":"https:\/\/api.w.org\/{rel}","templated":true}]}}