{"id":12,"date":"2011-04-02T20:57:04","date_gmt":"2011-04-02T19:57:04","guid":{"rendered":"http:\/\/energiutveckling.se\/elnat\/?page_id=12"},"modified":"2013-02-14T14:24:55","modified_gmt":"2013-02-14T13:24:55","slug":"referenser","status":"publish","type":"page","link":"http:\/\/energiutveckling.se\/elpris\/index.php\/referenser\/","title":{"rendered":"Referenser och l\u00e4nkar"},"content":{"rendered":"<h2>Referenser<\/h2>\n<p>Eln\u00e4tverket har omn\u00e4mnts ett flertal g\u00e5nger i media.<\/p>\n<p>https:\/\/picasaweb.google.com\/118259793040420720282\/ElprisTidningsartiklarOmNatverket<\/p>\n<p><a href=\"http:\/\/www.nyteknik.se\/\">Ny Teknik<\/a>. Tidningen har aktuell information inom teknikomr\u00e5det.<\/p>\n<p><a href=\"http:\/\/www.nordpool.no\/index.html\" target=\"_self\">Elpriser (Nordpool)<\/a> <em>H\u00e4r redovisas elpriser fr\u00e5n Nordpools spot- och terminsmarknad. Priserna redovisas som dygnsmedelpriser i svenska \u00f6ren per kWh i Stockholm.<\/em><\/p>\n<p>P\u00e5\u00a0<a href=\"http:\/\/www.konsumentverket.se\/\">Konsumentverkets hemsida<\/a> kan du j\u00e4mf\u00f6ra priserna hos olika bolag.<\/p>\n<p><a href=\"http:\/\/www.elradgivningsbyran.se\/\">Konsumenternas elr\u00e5dgivningsbyr\u00e5<\/a>. H\u00e4r kan du f\u00e5 information om avtal, elpriser etc.<\/p>\n<p><a href=\"http:\/\/www.stem.se\/\" target=\"_self\">Energimyndigheten<\/a> <em>Energimyndigheten \u00e4r en statlig myndighet som arbetar f\u00f6r ett l\u00e5ngsiktigt ekologiskt och ekonomiskt h\u00e5llbart energisystem. H\u00e4r kan man hitta information om olika uppv\u00e4rmningssystem, energisystem etc. Man f\u00f6ljer ocks\u00e5 upp n\u00e4tbolagens tariffer.<\/em><\/p>\n<p><a href=\"http:\/\/www.nordpool.no\/index.html\">Nordpool<\/a> <em>\u00e4r den b\u00f6rs d\u00e4r elpriset f\u00f6rhandlas. H\u00e4r kan du se flera av de nyckeltal som p\u00e5verkar priss\u00e4ttningen.<\/em><\/p>\n<p><a href=\"http:\/\/www.svenskenergi.se\/\" target=\"_self\">Svensk Energi<\/a> <em>H\u00e4r redovisas elpriser, kraftl\u00e4get. H\u00e4r finns ocks\u00e5 olika utredningar inom el-omr\u00e5det.<\/em>H\u00e4r hittar du ocks\u00e5 adresser till olika &#8221;medlemsf\u00f6retag&#8221;.<\/p>\n<p><a href=\"http:\/\/www.avgifter.com\/\">Roger Fredriksson<\/a> f\u00f6ljer via sitt bolag ocks\u00e5 marknaden inom elomr\u00e5det.<\/p>\n<p><em><br \/>\n<\/em><\/p>\n<p>&nbsp;<\/p>\n<p>&nbsp;<\/p>\n<p>&nbsp;<\/p>\n<p>&nbsp;<\/p>\n","protected":false},"excerpt":{"rendered":"<p>Referenser Eln\u00e4tverket har omn\u00e4mnts ett flertal g\u00e5nger i media. https:\/\/picasaweb.google.com\/118259793040420720282\/ElprisTidningsartiklarOmNatverket Ny Teknik. Tidningen har aktuell information inom teknikomr\u00e5det. Elpriser (Nordpool) H\u00e4r redovisas elpriser fr\u00e5n Nordpools spot- och terminsmarknad. Priserna redovisas som dygnsmedelpriser i svenska \u00f6ren per kWh i Stockholm. P\u00e5\u00a0Konsumentverkets hemsida kan du j\u00e4mf\u00f6ra priserna hos olika bolag. Konsumenternas elr\u00e5dgivningsbyr\u00e5. H\u00e4r kan du f\u00e5 information <span class=\"ellipsis\">&hellip;<\/span> <span class=\"more-link-wrap\"><a href=\"http:\/\/energiutveckling.se\/elpris\/index.php\/referenser\/\" class=\"more-link\"><span>Read More &rarr;<\/span><\/a><\/span><\/p>\n","protected":false},"author":1,"featured_media":0,"parent":0,"menu_order":4,"comment_status":"closed","ping_status":"closed","template":"","meta":{"footnotes":""},"class_list":["post-12","page","type-page","status-publish","hentry"],"jetpack_sharing_enabled":true,"jetpack_likes_enabled":true,"_links":{"self":[{"href":"http:\/\/energiutveckling.se\/elpris\/index.php\/wp-json\/wp\/v2\/pages\/12","targetHints":{"allow":["GET"]}}],"collection":[{"href":"http:\/\/energiutveckling.se\/elpris\/index.php\/wp-json\/wp\/v2\/pages"}],"about":[{"href":"http:\/\/energiutveckling.se\/elpris\/index.php\/wp-json\/wp\/v2\/types\/page"}],"author":[{"embeddable":true,"href":"http:\/\/energiutveckling.se\/elpris\/index.php\/wp-json\/wp\/v2\/users\/1"}],"replies":[{"embeddable":true,"href":"http:\/\/energiutveckling.se\/elpris\/index.php\/wp-json\/wp\/v2\/comments?post=12"}],"version-history":[{"count":8,"href":"http:\/\/energiutveckling.se\/elpris\/index.php\/wp-json\/wp\/v2\/pages\/12\/revisions"}],"predecessor-version":[{"id":92,"href":"http:\/\/energiutveckling.se\/elpris\/index.php\/wp-json\/wp\/v2\/pages\/12\/revisions\/92"}],"wp:attachment":[{"href":"http:\/\/energiutveckling.se\/elpris\/index.php\/wp-json\/wp\/v2\/media?parent=12"}],"curies":[{"name":"wp","href":"https:\/\/api.w.org\/{rel}","templated":true}]}}