{"id":14,"date":"2011-04-02T20:57:18","date_gmt":"2011-04-02T19:57:18","guid":{"rendered":"http:\/\/energiutveckling.se\/elnat\/?page_id=14"},"modified":"2013-02-14T14:25:00","modified_gmt":"2013-02-14T13:25:00","slug":"byta-leverantor","status":"publish","type":"page","link":"http:\/\/energiutveckling.se\/elpris\/index.php\/referenser\/byta-leverantor\/","title":{"rendered":"Byta leverant\u00f6r"},"content":{"rendered":"<h2>Att byta elleverant\u00f6r<\/h2>\n<h3>Om du t\u00e4nker byta:<\/h3>\n<p>* skicka mail, fax eller brev till din nuvarande elleverant\u00f6r och n\u00e4tbolaget d\u00e4r du informerar dem om att du skall byta elleverant\u00f6r vid n\u00e4stkommande m\u00e5nadsskift eller d\u00e5 p\u00e5g\u00e5ende avtal g\u00e5r ut.<br \/>\n* l\u00e4s av elm\u00e4taren sista dagen f\u00f6re bytet och skriv upp det avl\u00e4sta v\u00e4rdet<\/p>\n<p>Nytt fr\u00e5n och med den 1 januari 2007 \u00e4r att man som kund kan byta leverant\u00f6r vi 2 tillf\u00e4llen per m\u00e5nad. Den tidigare regeln om en obruten m\u00e5nad \u00e4r \u00f6ver. Numera g\u00e5r det fram till och med den 15:e i varje m\u00e5nad att byta till n\u00e4stkommande m\u00e5nad. En klar f\u00f6rb\u00e4ttring f\u00f6r kunden.<\/p>\n<h3>Allm\u00e4nt<\/h3>\n<p>Den svenska elmarknaden har varit avreglerad sedan 1996, men fram till den 1 november 1999 har det kr\u00e4vts en timm\u00e4tare f\u00f6r att man skulle kunna byta elleverant\u00f6r. Avregleringen inneb\u00e4r att enskilda och f\u00f6retag nu kan k\u00f6pa el fr\u00e5n den inhemska elleverant\u00f6r som vederb\u00f6rande \u00f6nskar. Samtidigt som kravet p\u00e5 timm\u00e4tare upph\u00f6rde kortades ocks\u00e5 upps\u00e4gningstiden fr\u00e5n sex m\u00e5nader till en m\u00e5nad.<\/p>\n<p>Om din nuvarande elleverant\u00f6r skickar ett avtalsf\u00f6rslag till dig f\u00f6r undertecknande kan du v\u00e4lja att inte skicka det i retur utan ist\u00e4llet, skriftligt, anm\u00e4la att du avser att byta leverant\u00f6r. Nytt avtalsf\u00f6rslag f\u00f6r f\u00f6rl\u00e4ngning av leveranser fr\u00e5n din elleverant\u00f6r kommer i allm\u00e4nhet sent bara f\u00f6r att du inte skall kunna agera och byta leverant\u00f6r. Det kan r\u00e4cka med ett telefonsamtal, men f\u00f6r att vara p\u00e5 den s\u00e4kra sidan \u00e4r ett brev eller fax att f\u00f6redra. Genom att inte f\u00f6rl\u00e4nga \u00f6verg\u00e5r du under en kort period till sk &#8221;r\u00f6rligt pris&#8221;. Det inneb\u00e4r marknadspriset + ca 2 \u00f6re\/kWh. D\u00e4rf\u00f6r \u00e4r det bra att ha avtal som g\u00e5r ut under l\u00e5gprisperioden (v\u00e5r\/sommar).<\/p>\n<p>L\u00e4s av och anteckna m\u00e4tarst\u00e4llningen den sista dagen i m\u00e5naden inf\u00f6r leverant\u00f6rsbytet<\/p>\n<h3>N\u00e4tverksmedlem<\/h3>\n<p>Om du redan \u00e4r medlem i n\u00e4tverket s\u00e5 f\u00e5r du kontinuerlig information via epost och genom denna sida.<\/p>\n<p>I god tid innan nuvarande avtalsperiod g\u00e5r ut, kommer du att f\u00e5 ett nytt f\u00f6rslag till avtal fr\u00e5n den elleverant\u00f6r som l\u00e4mnar det l\u00e4gsta\/b\u00e4sta anbudet. Den leverant\u00f6r som l\u00e4mnar det anbudet f\u00e5r underlaget, dvs namn och adressf\u00f6rteckning mm, via &#8221;n\u00e4tverksdatabasen&#8221; som inneh\u00e5ller de uppgifter som elleverant\u00f6ren beh\u00f6ver.<\/p>\n<p><strong>Efter anm\u00e4lan till n\u00e4tverket svarar n\u00e4tverket f\u00f6r dessa kontakter.<\/strong><\/p>\n<h3>Blivande medlem<\/h3>\n<p>Det enda du beh\u00f6ver g\u00f6ra \u00e4r att underteckna och returnera avtalet till elleverant\u00f6ren. Skicka in intresseanm\u00e4lan till den adress som anges p\u00e5 blanketten. Jag kommer sedan att kontakta elleverant\u00f6rer f\u00f6r att f\u00e5 fram ett bra pris f\u00f6r din r\u00e4kning. Det kan antingen vara den som just d\u00e5 levererar till n\u00e4tverket, men kan ocks\u00e5 vara en annan som f\u00f6r tillf\u00e4llet erbjuder ett l\u00e4gre pris.<\/p>\n<p>Avtal kommer sedan hem till dig f\u00f6r undertecknande. Avtalsperioden \u00e4r avpassad s\u00e5 att du kan vara med i n\u00e4tverkets gemensamma upphandling vid kommande f\u00f6rhandlingstillf\u00e4lle.<\/p>\n<p><strong>Efter anm\u00e4lan till n\u00e4tverket svarar n\u00e4tverket f\u00f6r dessa kontakter.<\/strong><\/p>\n<p>&nbsp;<\/p>\n","protected":false},"excerpt":{"rendered":"<p>Att byta elleverant\u00f6r Om du t\u00e4nker byta: * skicka mail, fax eller brev till din nuvarande elleverant\u00f6r och n\u00e4tbolaget d\u00e4r du informerar dem om att du skall byta elleverant\u00f6r vid n\u00e4stkommande m\u00e5nadsskift eller d\u00e5 p\u00e5g\u00e5ende avtal g\u00e5r ut. * l\u00e4s av elm\u00e4taren sista dagen f\u00f6re bytet och skriv upp det avl\u00e4sta v\u00e4rdet Nytt fr\u00e5n och <span class=\"ellipsis\">&hellip;<\/span> <span class=\"more-link-wrap\"><a href=\"http:\/\/energiutveckling.se\/elpris\/index.php\/referenser\/byta-leverantor\/\" class=\"more-link\"><span>Read More &rarr;<\/span><\/a><\/span><\/p>\n","protected":false},"author":1,"featured_media":0,"parent":12,"menu_order":0,"comment_status":"closed","ping_status":"closed","template":"","meta":{"footnotes":""},"class_list":["post-14","page","type-page","status-publish","hentry"],"jetpack_sharing_enabled":true,"jetpack_likes_enabled":true,"_links":{"self":[{"href":"http:\/\/energiutveckling.se\/elpris\/index.php\/wp-json\/wp\/v2\/pages\/14","targetHints":{"allow":["GET"]}}],"collection":[{"href":"http:\/\/energiutveckling.se\/elpris\/index.php\/wp-json\/wp\/v2\/pages"}],"about":[{"href":"http:\/\/energiutveckling.se\/elpris\/index.php\/wp-json\/wp\/v2\/types\/page"}],"author":[{"embeddable":true,"href":"http:\/\/energiutveckling.se\/elpris\/index.php\/wp-json\/wp\/v2\/users\/1"}],"replies":[{"embeddable":true,"href":"http:\/\/energiutveckling.se\/elpris\/index.php\/wp-json\/wp\/v2\/comments?post=14"}],"version-history":[{"count":8,"href":"http:\/\/energiutveckling.se\/elpris\/index.php\/wp-json\/wp\/v2\/pages\/14\/revisions"}],"predecessor-version":[{"id":296,"href":"http:\/\/energiutveckling.se\/elpris\/index.php\/wp-json\/wp\/v2\/pages\/14\/revisions\/296"}],"up":[{"embeddable":true,"href":"http:\/\/energiutveckling.se\/elpris\/index.php\/wp-json\/wp\/v2\/pages\/12"}],"wp:attachment":[{"href":"http:\/\/energiutveckling.se\/elpris\/index.php\/wp-json\/wp\/v2\/media?parent=14"}],"curies":[{"name":"wp","href":"https:\/\/api.w.org\/{rel}","templated":true}]}}