{"id":19,"date":"2011-04-02T20:58:10","date_gmt":"2011-04-02T19:58:10","guid":{"rendered":"http:\/\/energiutveckling.se\/elnat\/?page_id=19"},"modified":"2013-02-14T14:25:18","modified_gmt":"2013-02-14T13:25:18","slug":"lankar","status":"publish","type":"page","link":"http:\/\/energiutveckling.se\/elpris\/index.php\/referenser\/lankar\/","title":{"rendered":"L\u00e4sa elfakturan"},"content":{"rendered":"<h2>EL-fakturan.<\/h2>\n<p>Din elr\u00e4kning \u00e4r uppdelad i tv\u00e5 delar<\/p>\n<ul>\n<li>n\u00e4tdel &#8211; en faktura fr\u00e5n n\u00e4tbolaget<\/li>\n<li>f\u00f6rbrukningsdel &#8211; en faktura fr\u00e5n elleverant\u00f6ren<\/li>\n<\/ul>\n<p><strong>N\u00e4tdelen<\/strong> \u00e4r kostnaden f\u00f6r eln\u00e4tet. Denna del p\u00e5verkas inte vid ett byte av elleverant\u00f6r. Den som \u00e4ger n\u00e4tdelen har r\u00e4tt att ta ut kostnader f\u00f6r drift och underh\u00e5ll av n\u00e4tet. Det b\u00f6r dock po\u00e4ngteras att unders\u00f6kningar visar att flertalet n\u00e4toperat\u00f6rer tar ut osk\u00e4ligt h\u00f6ga priser. I n\u00e5got fall \u00e4r n\u00e4tbolagens &#8221;\u00f6verpris&#8221; mer \u00e4n 4.000:- kr\/\u00e5r f\u00f6r en villa med en \u00e5rsf\u00f6rbrukning p\u00e5 20.000 kWh och en s\u00e4kringsstorlek p\u00e5 16 ampere. Uppgifterna redovisades i DN den 3.12.-00.<\/p>\n<p>N\u00e4tdelen inneh\u00e5ller dessutom en r\u00f6rlig del som baseras p\u00e5 f\u00f6rbriukningen.<\/p>\n<p><strong>F\u00f6rbrukningsdelen<\/strong> \u00e4r den del som upptar kostnaden f\u00f6r den f\u00f6rbrukade m\u00e4ngden el du har.<\/p>\n<p>Faktureringen av elf\u00f6rbrukningen sker genom m\u00e5natliga avl\u00e4sningar av din f\u00f6rbrukning.<\/p>\n<p>P\u00e5 b\u00e5de\u00a0<strong>n\u00e4tfakturan<\/strong> och\u00a0<strong>elfakturan<\/strong> tillkommer skatt och moms. En kostsam lustighet finns h\u00e4r &#8211;\u00a0<strong>man betalar moms ocks\u00e5 p\u00e5 energiskatten<\/strong> &#8211; ett s\u00e4tt att bredda skattebasen.<\/p>\n<p>Om du f\u00f6r n\u00e4rvarande har samma n\u00e4tbolag som elbolag s\u00e5 f\u00e5r du bara en r\u00e4kning d\u00e4r b\u00e5da delarna \u00e4r specificerade. Vi ett byte som inneb\u00e4r att det blir olika bolag f\u00f6r n\u00e4t och el, s\u00e5 kommer du att f\u00e5 tv\u00e5 fakturor. En f\u00f6r vardera n\u00e4tkostnader respektive f\u00f6rbrukningskostnader. Denna uppdelning kommer p\u00e5 sikt att g\u00e4lla \u00e4ven om du har samma bolag f\u00f6r b\u00e5de n\u00e4t och el.<\/p>\n<p><a href=\"http:\/\/www.avgifter.com\/starin.asp\">Ranking av Sveriges n\u00e4t\u00e4gare<\/a>. Kontrollera din n\u00e4t\u00e4gare.<\/p>\n<h3><strong><br \/>\nOBS! Tillverkningsf\u00f6retag skall inte betala energiskatt!<\/strong><\/h3>\n<p>&nbsp;<\/p>\n","protected":false},"excerpt":{"rendered":"<p>EL-fakturan. Din elr\u00e4kning \u00e4r uppdelad i tv\u00e5 delar n\u00e4tdel &#8211; en faktura fr\u00e5n n\u00e4tbolaget f\u00f6rbrukningsdel &#8211; en faktura fr\u00e5n elleverant\u00f6ren N\u00e4tdelen \u00e4r kostnaden f\u00f6r eln\u00e4tet. Denna del p\u00e5verkas inte vid ett byte av elleverant\u00f6r. Den som \u00e4ger n\u00e4tdelen har r\u00e4tt att ta ut kostnader f\u00f6r drift och underh\u00e5ll av n\u00e4tet. Det b\u00f6r dock po\u00e4ngteras att <span class=\"ellipsis\">&hellip;<\/span> <span class=\"more-link-wrap\"><a href=\"http:\/\/energiutveckling.se\/elpris\/index.php\/referenser\/lankar\/\" class=\"more-link\"><span>Read More &rarr;<\/span><\/a><\/span><\/p>\n","protected":false},"author":1,"featured_media":0,"parent":12,"menu_order":0,"comment_status":"closed","ping_status":"closed","template":"","meta":{"footnotes":""},"class_list":["post-19","page","type-page","status-publish","hentry"],"jetpack_sharing_enabled":true,"jetpack_likes_enabled":true,"_links":{"self":[{"href":"http:\/\/energiutveckling.se\/elpris\/index.php\/wp-json\/wp\/v2\/pages\/19","targetHints":{"allow":["GET"]}}],"collection":[{"href":"http:\/\/energiutveckling.se\/elpris\/index.php\/wp-json\/wp\/v2\/pages"}],"about":[{"href":"http:\/\/energiutveckling.se\/elpris\/index.php\/wp-json\/wp\/v2\/types\/page"}],"author":[{"embeddable":true,"href":"http:\/\/energiutveckling.se\/elpris\/index.php\/wp-json\/wp\/v2\/users\/1"}],"replies":[{"embeddable":true,"href":"http:\/\/energiutveckling.se\/elpris\/index.php\/wp-json\/wp\/v2\/comments?post=19"}],"version-history":[{"count":6,"href":"http:\/\/energiutveckling.se\/elpris\/index.php\/wp-json\/wp\/v2\/pages\/19\/revisions"}],"predecessor-version":[{"id":86,"href":"http:\/\/energiutveckling.se\/elpris\/index.php\/wp-json\/wp\/v2\/pages\/19\/revisions\/86"}],"up":[{"embeddable":true,"href":"http:\/\/energiutveckling.se\/elpris\/index.php\/wp-json\/wp\/v2\/pages\/12"}],"wp:attachment":[{"href":"http:\/\/energiutveckling.se\/elpris\/index.php\/wp-json\/wp\/v2\/media?parent=19"}],"curies":[{"name":"wp","href":"https:\/\/api.w.org\/{rel}","templated":true}]}}