{"id":22,"date":"2011-04-02T20:58:46","date_gmt":"2011-04-02T18:58:46","guid":{"rendered":"http:\/\/energiutveckling.se\/elnat\/?page_id=22"},"modified":"2011-04-02T21:08:56","modified_gmt":"2011-04-02T19:08:56","slug":"spartips","status":"publish","type":"page","link":"http:\/\/energiutveckling.se\/elpris\/index.php\/referenser\/spartips\/","title":{"rendered":"Spartips"},"content":{"rendered":"<p>N\u00e4r den f\u00f6rsta s\u00e4nkningen av kostnaden f\u00f6r el har gjorts finns de egentligen bara tv\u00e5 \u00e5tg\u00e4rder att vidta. Den f\u00f6rsta \u00e4r att bevaka priset s\u00e5 att den med l\u00e4gst anbud f\u00e5r leverera. Det andra \u00e4r att spara p\u00e5 f\u00f6rbrukningen.<\/p>\n<p>En eluppv\u00e4rmd villa f\u00e5r dra ca 100 kWh per kvadratmeter. F\u00f6r en normalvilla p\u00e5 125 kvadratmeter inneb\u00e4r det 12.500 kWh i uppv\u00e4rmningskostnad.<\/p>\n<p>D\u00e4rtill kommer hush\u00e5llsel p\u00e5 ca 5.000 kWh och ca 5.000 kWh f\u00f6r uppv\u00e4rmning av varmvatten.<\/p>\n<p>Totalf\u00f6rbrukningen f\u00f6r en villa i Mellansverige blir d\u00e5 ca 22.500 kWh\/\u00e5r.<\/p>\n<p>En temperaturs\u00e4nkning fr\u00e5n 22 till 20 grader inomhus ger en minskad energif\u00f6rbrukning p\u00e5 ca 2.000 kWh, dvs n\u00e4sta 1.000:- kr\/\u00e5r.<\/p>\n<p><strong>TIPS F\u00d6R ATT MINSKA F\u00d6RBRUKNINGEN<\/strong><\/p>\n<p><strong>TIPS F\u00d6R ATT MINSKA F\u00d6RBRUKNINGEN fr\u00e5n Bor\u00e5s Elhandel AB<\/strong><\/p>\n<p><strong>Spartips Niv\u00e5 1:<\/strong><br \/>\nEnkla trick som ger effekt p\u00e5 sikt!<\/p>\n<p>Byt till l\u00e5genergilampor d\u00e4r brinntiden \u00e4r l\u00e5ng.<br \/>\nK\u00f6p nya kastruller. Tjock, plan botten \u00e4r viktigt. Diametern p\u00e5<br \/>\nkokk\u00e4rlen ska passa dina plattor exakt.<br \/>\nPacka om l\u00e4ckande kranar.<br \/>\nByt till sn\u00e5lspolande duschmunstycke.<br \/>\nKolla innetemperaturen en g\u00e5ng till. En grads s\u00e4nkning ger 5 %<br \/>\nbesparing.<br \/>\nJustera temperaturen i kyl och frys med hj\u00e4lp av termometer. Kylen ska<br \/>\nh\u00e5lla +4-6 \u00b0C och frysen -18 \u00b0C. Avfrosta med j\u00e4mna mellanrum!<br \/>\nSkaffa startklocka till motorv\u00e4rmaren. Sn\u00e5lst\u00e4ll ev kup\u00e9v\u00e4rmare p\u00e5<br \/>\nn\u00e5gra plusgrader.<br \/>\n<strong>Spartips Niv\u00e5 2:<\/strong><br \/>\n\u00c4ndrade levnadsvanor som syns i pl\u00e5nboken!<\/p>\n<p>Korta duschtiderna. Tala med barnen.<br \/>\nTa f\u00f6r vana att sl\u00e4cka ljuset i rum d\u00e4r ingen vistas.<br \/>\nSk\u00f6lj\/handtv\u00e4tta aldrig i rinnande vatten.<br \/>\nN\u00e4r du v\u00e4drar: tv\u00e4rdrag och snabba ryck.<br \/>\nKoka alltid under lock.<br \/>\nL\u00e5t maten svalna helt innan du st\u00e4ller in i kyl och frys.<br \/>\nFyll disk- och tv\u00e4ttmaskin ordentligt inf\u00f6r varje k\u00f6rning.<br \/>\nHantera spisfl\u00e4kten (ej kolfilterfl\u00e4kt) med varsamhet. Den suger ut<br \/>\nstora m\u00e4ngder varmluft.<br \/>\nHar du mikro? Anv\u00e4nd den n\u00e4r du v\u00e4rmer sm\u00e5 m\u00e4ngder mat och<br \/>\nvatten!<br \/>\n<strong>Spartips Niv\u00e5 3:<\/strong><br \/>\nDags f\u00f6r om- eller tillbyggnad? Planera l\u00f6nsamt!<\/p>\n<p>Ers\u00e4tt lampor med lysr\u00f6r p\u00e5 l\u00e4mpliga st\u00e4llen.<br \/>\nInstallera termostatblandare (ettgreppsblandare).<br \/>\nFunderar du p\u00e5 att byta gr\u00e4sklippare? K\u00f6p en klippare med elmotor!<br \/>\nEldrift kostar bara h\u00e4lften j\u00e4mf\u00f6rt med bensin och ger inga utsl\u00e4pp.<br \/>\nUtv\u00e4rdera tv\u00e4tt- och diskmaskin, samt kyl och frys noga innan k\u00f6p. Vad<br \/>\nkostar dina nuvarande maskiner i drift under ett \u00e5r? Vad kostar nya i<br \/>\nb\u00e4sta energiklass?<br \/>\nCentrifuger med h\u00f6gt varvtal &#8221;kramar ur&#8221; tv\u00e4tten b\u00e4ttre. T\u00e4nk p\u00e5 att<br \/>\nhush\u00e5llsmaskinerna st\u00e5r f\u00f6r en femtedel av din \u00e5rliga energikostnad!<\/p>\n<p>&nbsp;<\/p>\n","protected":false},"excerpt":{"rendered":"<p>N\u00e4r den f\u00f6rsta s\u00e4nkningen av kostnaden f\u00f6r el har gjorts finns de egentligen bara tv\u00e5 \u00e5tg\u00e4rder att vidta. Den f\u00f6rsta \u00e4r att bevaka priset s\u00e5 att den med l\u00e4gst anbud f\u00e5r leverera. Det andra \u00e4r att spara p\u00e5 f\u00f6rbrukningen. En eluppv\u00e4rmd villa f\u00e5r dra ca 100 kWh per kvadratmeter. F\u00f6r en normalvilla p\u00e5 125 kvadratmeter <span class=\"ellipsis\">&hellip;<\/span> <span class=\"more-link-wrap\"><a href=\"http:\/\/energiutveckling.se\/elpris\/index.php\/referenser\/spartips\/\" class=\"more-link\"><span>Read More &rarr;<\/span><\/a><\/span><\/p>\n","protected":false},"author":1,"featured_media":0,"parent":12,"menu_order":0,"comment_status":"open","ping_status":"open","template":"","meta":{"footnotes":""},"class_list":["post-22","page","type-page","status-publish","hentry"],"jetpack_sharing_enabled":true,"jetpack_likes_enabled":true,"_links":{"self":[{"href":"http:\/\/energiutveckling.se\/elpris\/index.php\/wp-json\/wp\/v2\/pages\/22","targetHints":{"allow":["GET"]}}],"collection":[{"href":"http:\/\/energiutveckling.se\/elpris\/index.php\/wp-json\/wp\/v2\/pages"}],"about":[{"href":"http:\/\/energiutveckling.se\/elpris\/index.php\/wp-json\/wp\/v2\/types\/page"}],"author":[{"embeddable":true,"href":"http:\/\/energiutveckling.se\/elpris\/index.php\/wp-json\/wp\/v2\/users\/1"}],"replies":[{"embeddable":true,"href":"http:\/\/energiutveckling.se\/elpris\/index.php\/wp-json\/wp\/v2\/comments?post=22"}],"version-history":[{"count":2,"href":"http:\/\/energiutveckling.se\/elpris\/index.php\/wp-json\/wp\/v2\/pages\/22\/revisions"}],"predecessor-version":[{"id":38,"href":"http:\/\/energiutveckling.se\/elpris\/index.php\/wp-json\/wp\/v2\/pages\/22\/revisions\/38"}],"up":[{"embeddable":true,"href":"http:\/\/energiutveckling.se\/elpris\/index.php\/wp-json\/wp\/v2\/pages\/12"}],"wp:attachment":[{"href":"http:\/\/energiutveckling.se\/elpris\/index.php\/wp-json\/wp\/v2\/media?parent=22"}],"curies":[{"name":"wp","href":"https:\/\/api.w.org\/{rel}","templated":true}]}}