{"id":253,"date":"2012-05-31T21:23:52","date_gmt":"2012-05-31T20:23:52","guid":{"rendered":"http:\/\/energiutveckling.se\/elpris\/?page_id=253"},"modified":"2014-04-24T05:32:14","modified_gmt":"2014-04-24T04:32:14","slug":"avtal-2012-klart","status":"publish","type":"page","link":"http:\/\/energiutveckling.se\/elpris\/index.php\/nyheterblog\/avtal-2012-klart\/","title":{"rendered":"Avtal 2012 &#8211; Klart"},"content":{"rendered":"<p style=\"text-align: left;\" align=\"center\">I mars 2012 skickade jag ut anbudsunderlag till ca 40 elleverant\u00f6rer f\u00f6r att vi\u00a0 i n\u00e4tverket skall ha ett nytt avtal klart till den 1\/8 d\u00e5 nuvarande avtal l\u00f6per ut.<\/p>\n<p>Jag har gjort en grovsortering av de inkomna anbuden och sedan diskuterat de mest aktuella med ett antal personer som ocks\u00e5 deltagit vid tidigare genomg\u00e5ngar. Det g\u00e4ller ocks\u00e5 anbudsunderlaget.<\/p>\n<p>Av de inkomna avtalsf\u00f6rslagen har vi valt Bor\u00e5s Elhandel AB, dvs v\u00e5r nuvarande leverant\u00f6r forts\u00e4tter. Det underl\u00e4ttar f\u00f6r er som redan finns med och samarbetet med Bor\u00e5s Elhandel och Magnus Alholme har fungerat mycket bra. Bra service och bem\u00f6tande inte minst i en del kniviga situationer f\u00f6r n\u00e5gra medlemmar. Men framf\u00f6r allt prism\u00e4ssigt!<\/p>\n<p><strong><em>Om du har Facebook och eller Twitter s\u00e5 ber jag dig g\u00e5 in p\u00e5 hemsidan och klicka p\u00e5 ikonerna ( <a href=\"http:\/\/www.energiutveckling.se\/elpris\">www.energiutveckling.se\/elpris<\/a> ). D\u00e5 kommer dina Facebookv\u00e4nner att informeras om n\u00e4tverket och du kommer att f\u00e5 kontinuerlig information.<\/em><\/strong><\/p>\n<p>Du kommer att f\u00e5 hem ett avtalsf\u00f6rslag d\u00e4r du kan kryssa f\u00f6r<br \/>\n* olika betalningperioder (en m\u00e5nad, tv\u00e5 m\u00e5nader, kvartal)<br \/>\n* olika betalningsformer (pappersfaktura, autogiro, e-faktura etc)<\/p>\n<ul>\n<li>Avtalet str\u00e4cker sig \u00f6ver <strong><span style=\"text-decoration: underline;\">tre (3) \u00e5r<\/span><\/strong> med start den 1\/8. Om du ansluts senare pga av leverant\u00f6rsbyte eller upps\u00e4gningstidens l\u00e4ngd s\u00e5 avslutas ditt avtal trots det den 31\/7 2015.<\/li>\n<li><strong>Inga fasta avgifter<\/strong> f\u00f6r anl\u00e4ggning 1 och 2 (t ex permanentbostad och fritidshus). F\u00f6r den som har ytterligare boenden 50 % rabatt p\u00e5 fasta avgiften (dvs 14 kr + moms).<br \/>\nMedtagande alt. upps\u00e4gning av befintligt avtal utan kostnad vid definitiv avflyttning.<\/li>\n<li><strong>Fast pris under november \u2013 april =<\/strong> 48,9 \u00f6re\/kWh (97,4 \u00f6re\/kWh) Totalpriset inneh\u00e5ller \u00e4ven kostnad f\u00f6r energiskatt (29,0\u00a0 \u00f6re\/kWh) och moms 25 %. (<strong>Elomr\u00e5de 3)<br \/>\nFast pris under november \u2013 april\u00a0=<\/strong> 51,7 \u00f6re\/kWh (102,8 \u00f6re\/kWh) Totalpriset inne\u00adh\u00e5ller \u00e4ven kostnad f\u00f6r energiskatt (29,0\u00a0 \u00f6re\/kWh) och moms 25 %. (<strong>Elomr\u00e5de 4)<\/strong><\/li>\n<li><strong>R\u00f6rligt pris under maj \u2013 oktober =<\/strong> NordPools m\u00e5nads- alt. Timvisa spotpris + energip\u00e5slag 2,0 \u00f6re\/kWh + elcertifikat fn 3,9 \u00f6re\/kWh. Sedan tillkommer moms.<\/li>\n<li><strong>F\u00f6r elomr\u00e5de 1 och 2<\/strong> g\u00e4ller motsvarande anpassat till den l\u00e4gre niv\u00e5 p\u00e5 elen och skatten.<\/li>\n<\/ul>\n<p>Mer av information kommer senare att finns p\u00e5 hemsida. <strong>Kryssa i facebook- och Twitterrutorna s\u00e5 f\u00e5r du information om detta.<\/strong><\/p>\n","protected":false},"excerpt":{"rendered":"<p>I mars 2012 skickade jag ut anbudsunderlag till ca 40 elleverant\u00f6rer f\u00f6r att vi\u00a0 i n\u00e4tverket skall ha ett nytt avtal klart till den 1\/8 d\u00e5 nuvarande avtal l\u00f6per ut. Jag har gjort en grovsortering av de inkomna anbuden och sedan diskuterat de mest aktuella med ett antal personer som ocks\u00e5 deltagit vid tidigare genomg\u00e5ngar. <span class=\"ellipsis\">&hellip;<\/span> <span class=\"more-link-wrap\"><a href=\"http:\/\/energiutveckling.se\/elpris\/index.php\/nyheterblog\/avtal-2012-klart\/\" class=\"more-link\"><span>Read More &rarr;<\/span><\/a><\/span><\/p>\n","protected":false},"author":2,"featured_media":0,"parent":499,"menu_order":0,"comment_status":"closed","ping_status":"closed","template":"","meta":{"footnotes":""},"class_list":["post-253","page","type-page","status-publish","hentry"],"jetpack_sharing_enabled":true,"jetpack_likes_enabled":true,"_links":{"self":[{"href":"http:\/\/energiutveckling.se\/elpris\/index.php\/wp-json\/wp\/v2\/pages\/253","targetHints":{"allow":["GET"]}}],"collection":[{"href":"http:\/\/energiutveckling.se\/elpris\/index.php\/wp-json\/wp\/v2\/pages"}],"about":[{"href":"http:\/\/energiutveckling.se\/elpris\/index.php\/wp-json\/wp\/v2\/types\/page"}],"author":[{"embeddable":true,"href":"http:\/\/energiutveckling.se\/elpris\/index.php\/wp-json\/wp\/v2\/users\/2"}],"replies":[{"embeddable":true,"href":"http:\/\/energiutveckling.se\/elpris\/index.php\/wp-json\/wp\/v2\/comments?post=253"}],"version-history":[{"count":7,"href":"http:\/\/energiutveckling.se\/elpris\/index.php\/wp-json\/wp\/v2\/pages\/253\/revisions"}],"predecessor-version":[{"id":633,"href":"http:\/\/energiutveckling.se\/elpris\/index.php\/wp-json\/wp\/v2\/pages\/253\/revisions\/633"}],"up":[{"embeddable":true,"href":"http:\/\/energiutveckling.se\/elpris\/index.php\/wp-json\/wp\/v2\/pages\/499"}],"wp:attachment":[{"href":"http:\/\/energiutveckling.se\/elpris\/index.php\/wp-json\/wp\/v2\/media?parent=253"}],"curies":[{"name":"wp","href":"https:\/\/api.w.org\/{rel}","templated":true}]}}