{"id":8,"date":"2011-04-02T20:56:19","date_gmt":"2011-04-02T19:56:19","guid":{"rendered":"http:\/\/energiutveckling.se\/elnat\/?page_id=8"},"modified":"2024-04-20T14:05:12","modified_gmt":"2024-04-20T13:05:12","slug":"anslut-dig","status":"publish","type":"page","link":"http:\/\/energiutveckling.se\/elpris\/index.php\/anslut-dig\/","title":{"rendered":"Anslut dig"},"content":{"rendered":"<p><strong>PRIVATPERSONER<\/strong><\/p>\n<p>Medlem kan den bli som har elm\u00e4tare och betalar sin el. Det inneb\u00e4r att den som bor i l\u00e4genhet, villa, har fritidshus och\/eller f\u00f6retag kan ansluta sig. Anm\u00e4lan kan ske \u00e4ven under p\u00e5g\u00e5ende avtalsperiod.<\/p>\n<ul>\n<li>Du har en s\u00e4kring som \u00e4r h\u00f6gst 200 ampere (Normalt f\u00f6r villor \u00e4r 25 ampere eller l\u00e4gre.) eller effektabonnemang understigande 135 kW (G\u00e4ller n\u00e4rmast f\u00f6retag).<\/li>\n<li>Medlemskapet underl\u00e4ttas av tillg\u00e5ng till Internet\/epost, fax eller egen informat\u00f6r med dessa faciliteter. I princip skickas inga traditionella brev.<\/li>\n<li>Medlem i n\u00e4tverket blir den som skickar in en intresseanm\u00e4lan och tecknar avtal<\/li>\n<li>Du har inga f\u00f6rpliktelser gentemot n\u00e4tverket<\/li>\n<li>Du har inga garantier f\u00f6r att n\u00e4tverket erh\u00e5ller marknadens l\u00e4gsta pris. \u00c4ven om ambitionen \u00e4r att s\u00e5 skall vara fallet!<\/li>\n<li>Intresseanm\u00e4lan inneb\u00e4r att man accepterar att en databas med uppgifterna i anm\u00e4lningsblanketten l\u00e4ggs upp och att uppgifterna \u00f6verf\u00f6rs elektroniskt och som utskrift till den elleverant\u00f6r som l\u00e4mnar l\u00e4gst\/b\u00e4st anbud som underlag f\u00f6r utskick av avtal.<\/li>\n<li>Meddela din hittillsvarande leverant\u00f6r via mejl eller brev att du inte avser att f\u00f6rl\u00e4nga avtalet utan byta till ny leverant\u00f6r.<\/li>\n<li><strong>Du blir aldrig utan elleverant\u00f6r eller el!<\/strong><\/li>\n<\/ul>\n<p><a title=\"Intresseanm\u00e4lan\" href=\"http:\/\/energiutveckling.se\/elpris\/wp-content\/uploads\/2024\/04\/Uppdaterad-Intresseanmalan-2024.pdf\" target=\"_blank\" rel=\"noopener\">Klicka h\u00e4r f\u00f6r att f\u00e5 en anm\u00e4lningsblankett<\/a><\/p>\n<p><strong>F\u00d6RETAG<\/strong><\/p>\n<p>F\u00f6r f\u00f6retag g\u00e4ller s\u00e4rskild f\u00f6rhandlingsordning. Avtalen utformas med h\u00e4nsyn till det enskilda f\u00f6retagets f\u00f6rbrukningsprofil och f\u00f6rbrukningsvolym.<br \/>\nInformation via\u00a0<a href=\"mailto:EL@energiutveckling.se\">mail<\/a>\u00a0eller per telefon 0735-001941<\/p>\n<p><strong>BRANSCHORGANISTION<\/strong><\/p>\n<p>F\u00f6r branschorganisationer g\u00e4ller s\u00e4rskild f\u00f6rhandlingsordning. Avtalen utformas med h\u00e4nsyn till branschens f\u00f6rbrukningsprofil, antal medlemmar och f\u00f6rbrukningsvolym..<br \/>\nInformation via\u00a0<a href=\"mailto:EL@energiutveckling.se\">mail<\/a>\u00a0eller per telefon 0735-001941<\/p>\n","protected":false},"excerpt":{"rendered":"<p>PRIVATPERSONER Medlem kan den bli som har elm\u00e4tare och betalar sin el. Det inneb\u00e4r att den som bor i l\u00e4genhet, villa, har fritidshus och\/eller f\u00f6retag kan ansluta sig. Anm\u00e4lan kan ske \u00e4ven under p\u00e5g\u00e5ende avtalsperiod. Du har en s\u00e4kring som \u00e4r h\u00f6gst 200 ampere (Normalt f\u00f6r villor \u00e4r 25 ampere eller l\u00e4gre.) eller effektabonnemang understigande <span class=\"ellipsis\">&hellip;<\/span> <span class=\"more-link-wrap\"><a href=\"http:\/\/energiutveckling.se\/elpris\/index.php\/anslut-dig\/\" class=\"more-link\"><span>Read More &rarr;<\/span><\/a><\/span><\/p>\n","protected":false},"author":1,"featured_media":0,"parent":0,"menu_order":1,"comment_status":"closed","ping_status":"closed","template":"","meta":{"jetpack_post_was_ever_published":false,"footnotes":""},"class_list":["post-8","page","type-page","status-publish","hentry"],"jetpack_sharing_enabled":true,"jetpack_likes_enabled":true,"_links":{"self":[{"href":"http:\/\/energiutveckling.se\/elpris\/index.php\/wp-json\/wp\/v2\/pages\/8","targetHints":{"allow":["GET"]}}],"collection":[{"href":"http:\/\/energiutveckling.se\/elpris\/index.php\/wp-json\/wp\/v2\/pages"}],"about":[{"href":"http:\/\/energiutveckling.se\/elpris\/index.php\/wp-json\/wp\/v2\/types\/page"}],"author":[{"embeddable":true,"href":"http:\/\/energiutveckling.se\/elpris\/index.php\/wp-json\/wp\/v2\/users\/1"}],"replies":[{"embeddable":true,"href":"http:\/\/energiutveckling.se\/elpris\/index.php\/wp-json\/wp\/v2\/comments?post=8"}],"version-history":[{"count":13,"href":"http:\/\/energiutveckling.se\/elpris\/index.php\/wp-json\/wp\/v2\/pages\/8\/revisions"}],"predecessor-version":[{"id":1144,"href":"http:\/\/energiutveckling.se\/elpris\/index.php\/wp-json\/wp\/v2\/pages\/8\/revisions\/1144"}],"wp:attachment":[{"href":"http:\/\/energiutveckling.se\/elpris\/index.php\/wp-json\/wp\/v2\/media?parent=8"}],"curies":[{"name":"wp","href":"https:\/\/api.w.org\/{rel}","templated":true}]}}